{"id":25,"date":"2018-01-05T15:59:14","date_gmt":"2018-01-05T15:59:14","guid":{"rendered":"http:\/\/lu-sezana.si\/kosovelova-soba\/?page_id=25"},"modified":"2018-03-20T13:44:43","modified_gmt":"2018-03-20T13:44:43","slug":"proti-besedi","status":"publish","type":"page","link":"https:\/\/lu-sezana.si\/kosovelova-soba\/proti-besedi\/","title":{"rendered":"Proti besedi !"},"content":{"rendered":"<h5>Berem. Poslu\u0161am. Pi\u0161em. Sem.<br \/>\nJaz. Ti. Vsi.<\/h5>\n<h5>V Kosovelovi sobi smo 18. marca 2018 ob 114-obletnici rojstva pesnika Sre\u010dka Kosovela pesniku, poeziji in besedi ter glasbi posvetili ve\u010der branja poezije &#8211; avtorske poezije in poezije Sre\u010dka Kosovela. V Kozmos smo po\u0161iljali besede, tak\u0161ne in druga\u010dne. Ostre, trpke, oto\u017ene, bole\u010de, neposredne, brezkompromisne, tudi ne\u017ene, ljube\u010de, strastne. Duo Tovari\u0161 strmoglavljen in Kovesolje so predstavili uglasbene pesmi Sre\u010dka Kosovela.<\/h5>\n<h5>Svoje pesmi ali\/in pesmi Sre\u010dka Kosovela so brali: Ro\u017eana \u0160vara, Rafael Von\u010dina, Mateja Kralj, Ema April, Martin Jogan, Tina Miro\u0161i\u010d, Rok Furlan,\u00a0Helena \u010c. Ger\u017eelj, Tovari\u0161 strmoglavljen, Martin Ukmar, Marie \u017dmajde in \u017dan Papi\u0107.<\/h5>\n<h5>In z nami nenehno Sre\u010dko Kosovel.<\/h5>\n<p>&nbsp;<\/p>\n<p>Jaz sem celica v organizmu vesoljstva.<\/p>\n<p>Kaj, \u010de je svetla lu\u010dka moj duh?<\/p>\n<p>(Jaz sem celica, Sre\u010dko Kosovel)<\/p>\n<p>&nbsp;<\/p>\n<p>Fotografije z dogodka: Ro\u017eana \u0160vara<\/p>\n<p><img decoding=\"async\" loading=\"lazy\" class=\"alignnone size-medium wp-image-347\" src=\"http:\/\/lu-sezana.si\/kosovelova-soba\/wp-content\/uploads\/2018\/03\/ProtiBesedi-22-of-31-300x200.jpg\" alt=\"\" width=\"300\" height=\"200\" srcset=\"https:\/\/lu-sezana.si\/kosovelova-soba\/wp-content\/uploads\/2018\/03\/ProtiBesedi-22-of-31-300x200.jpg 300w, https:\/\/lu-sezana.si\/kosovelova-soba\/wp-content\/uploads\/2018\/03\/ProtiBesedi-22-of-31.jpg 640w\" sizes=\"(max-width: 300px) 100vw, 300px\" \/>\u00a0\u00a0 <img decoding=\"async\" loading=\"lazy\" class=\"alignnone size-medium wp-image-346\" src=\"http:\/\/lu-sezana.si\/kosovelova-soba\/wp-content\/uploads\/2018\/03\/IMG_0391-300x200.jpg\" alt=\"\" width=\"300\" height=\"200\" srcset=\"https:\/\/lu-sezana.si\/kosovelova-soba\/wp-content\/uploads\/2018\/03\/IMG_0391-300x200.jpg 300w, https:\/\/lu-sezana.si\/kosovelova-soba\/wp-content\/uploads\/2018\/03\/IMG_0391.jpg 640w\" sizes=\"(max-width: 300px) 100vw, 300px\" \/>\u00a0\u00a0 <img decoding=\"async\" loading=\"lazy\" class=\"alignnone size-medium wp-image-345\" src=\"http:\/\/lu-sezana.si\/kosovelova-soba\/wp-content\/uploads\/2018\/03\/ProtiBesedi-11-of-31-300x200.jpg\" alt=\"\" width=\"300\" height=\"200\" srcset=\"https:\/\/lu-sezana.si\/kosovelova-soba\/wp-content\/uploads\/2018\/03\/ProtiBesedi-11-of-31-300x200.jpg 300w, https:\/\/lu-sezana.si\/kosovelova-soba\/wp-content\/uploads\/2018\/03\/ProtiBesedi-11-of-31.jpg 640w\" sizes=\"(max-width: 300px) 100vw, 300px\" \/><\/p>\n<p><img decoding=\"async\" loading=\"lazy\" class=\"alignnone size-medium wp-image-344\" src=\"http:\/\/lu-sezana.si\/kosovelova-soba\/wp-content\/uploads\/2018\/03\/ProtiBesedi-12-of-31-300x200.jpg\" alt=\"\" width=\"300\" height=\"200\" srcset=\"https:\/\/lu-sezana.si\/kosovelova-soba\/wp-content\/uploads\/2018\/03\/ProtiBesedi-12-of-31-300x200.jpg 300w, https:\/\/lu-sezana.si\/kosovelova-soba\/wp-content\/uploads\/2018\/03\/ProtiBesedi-12-of-31.jpg 640w\" sizes=\"(max-width: 300px) 100vw, 300px\" \/> \u00a0 <img decoding=\"async\" loading=\"lazy\" class=\"alignnone size-medium wp-image-343\" src=\"http:\/\/lu-sezana.si\/kosovelova-soba\/wp-content\/uploads\/2018\/03\/ProtiBesedi-14-of-31-300x200.jpg\" alt=\"\" width=\"300\" height=\"200\" srcset=\"https:\/\/lu-sezana.si\/kosovelova-soba\/wp-content\/uploads\/2018\/03\/ProtiBesedi-14-of-31-300x200.jpg 300w, https:\/\/lu-sezana.si\/kosovelova-soba\/wp-content\/uploads\/2018\/03\/ProtiBesedi-14-of-31.jpg 640w\" sizes=\"(max-width: 300px) 100vw, 300px\" \/>\u00a0\u00a0 <img decoding=\"async\" loading=\"lazy\" class=\"alignnone size-medium wp-image-342\" src=\"http:\/\/lu-sezana.si\/kosovelova-soba\/wp-content\/uploads\/2018\/03\/ProtiBesedi-15-of-31-300x200.jpg\" alt=\"\" width=\"300\" height=\"200\" srcset=\"https:\/\/lu-sezana.si\/kosovelova-soba\/wp-content\/uploads\/2018\/03\/ProtiBesedi-15-of-31-300x200.jpg 300w, https:\/\/lu-sezana.si\/kosovelova-soba\/wp-content\/uploads\/2018\/03\/ProtiBesedi-15-of-31.jpg 640w\" sizes=\"(max-width: 300px) 100vw, 300px\" \/><\/p>\n<p><img decoding=\"async\" loading=\"lazy\" class=\"alignnone size-medium wp-image-340\" src=\"http:\/\/lu-sezana.si\/kosovelova-soba\/wp-content\/uploads\/2018\/03\/IMG_0383-300x200.jpg\" alt=\"\" width=\"300\" height=\"200\" srcset=\"https:\/\/lu-sezana.si\/kosovelova-soba\/wp-content\/uploads\/2018\/03\/IMG_0383-300x200.jpg 300w, https:\/\/lu-sezana.si\/kosovelova-soba\/wp-content\/uploads\/2018\/03\/IMG_0383.jpg 640w\" sizes=\"(max-width: 300px) 100vw, 300px\" \/> \u00a0 <img decoding=\"async\" loading=\"lazy\" class=\"alignnone size-medium wp-image-339\" src=\"http:\/\/lu-sezana.si\/kosovelova-soba\/wp-content\/uploads\/2018\/03\/IMG_0382-300x200.jpg\" alt=\"\" width=\"300\" height=\"200\" srcset=\"https:\/\/lu-sezana.si\/kosovelova-soba\/wp-content\/uploads\/2018\/03\/IMG_0382-300x200.jpg 300w, https:\/\/lu-sezana.si\/kosovelova-soba\/wp-content\/uploads\/2018\/03\/IMG_0382.jpg 640w\" sizes=\"(max-width: 300px) 100vw, 300px\" \/> \u00a0 <img decoding=\"async\" loading=\"lazy\" class=\"alignnone size-medium wp-image-337\" src=\"http:\/\/lu-sezana.si\/kosovelova-soba\/wp-content\/uploads\/2018\/03\/IMG_0386-300x200.jpg\" alt=\"\" width=\"300\" height=\"200\" srcset=\"https:\/\/lu-sezana.si\/kosovelova-soba\/wp-content\/uploads\/2018\/03\/IMG_0386-300x200.jpg 300w, https:\/\/lu-sezana.si\/kosovelova-soba\/wp-content\/uploads\/2018\/03\/IMG_0386.jpg 640w\" sizes=\"(max-width: 300px) 100vw, 300px\" \/><\/p>\n<p><img decoding=\"async\" loading=\"lazy\" class=\"alignnone size-medium wp-image-341\" src=\"http:\/\/lu-sezana.si\/kosovelova-soba\/wp-content\/uploads\/2018\/03\/ProtiBesedi-18-of-31-200x300.jpg\" alt=\"\" width=\"200\" height=\"300\" srcset=\"https:\/\/lu-sezana.si\/kosovelova-soba\/wp-content\/uploads\/2018\/03\/ProtiBesedi-18-of-31-200x300.jpg 200w, https:\/\/lu-sezana.si\/kosovelova-soba\/wp-content\/uploads\/2018\/03\/ProtiBesedi-18-of-31.jpg 427w\" sizes=\"(max-width: 200px) 100vw, 200px\" \/> \u00a0 \u00a0 \u00a0 \u00a0 \u00a0\u00a0 \u00a0 \u00a0 \u00a0 \u00a0 \u00a0\u00a0 \u00a0 \u00a0\u00a0 \u00a0 \u00a0\u00a0 \u00a0 \u00a0 \u00a0 \u00a0\u00a0 \u00a0 \u00a0 \u00a0 \u00a0 \u00a0 <img decoding=\"async\" loading=\"lazy\" class=\"alignnone size-medium wp-image-338\" src=\"http:\/\/lu-sezana.si\/kosovelova-soba\/wp-content\/uploads\/2018\/03\/IMG_0384-200x300.jpg\" alt=\"\" width=\"200\" height=\"300\" srcset=\"https:\/\/lu-sezana.si\/kosovelova-soba\/wp-content\/uploads\/2018\/03\/IMG_0384-200x300.jpg 200w, https:\/\/lu-sezana.si\/kosovelova-soba\/wp-content\/uploads\/2018\/03\/IMG_0384.jpg 427w\" sizes=\"(max-width: 200px) 100vw, 200px\" \/>\u00a0 \u00a0 \u00a0 \u00a0 \u00a0 \u00a0 \u00a0 \u00a0 \u00a0 \u00a0 \u00a0 \u00a0 \u00a0 \u00a0\u00a0 \u00a0 \u00a0 \u00a0 \u00a0 \u00a0 \u00a0 \u00a0 \u00a0 \u00a0 \u00a0 \u00a0 \u00a0\u00a0 <img decoding=\"async\" loading=\"lazy\" class=\"alignnone size-medium wp-image-336\" src=\"http:\/\/lu-sezana.si\/kosovelova-soba\/wp-content\/uploads\/2018\/03\/IMG_0385-200x300.jpg\" alt=\"\" width=\"200\" height=\"300\" srcset=\"https:\/\/lu-sezana.si\/kosovelova-soba\/wp-content\/uploads\/2018\/03\/IMG_0385-200x300.jpg 200w, https:\/\/lu-sezana.si\/kosovelova-soba\/wp-content\/uploads\/2018\/03\/IMG_0385.jpg 427w\" sizes=\"(max-width: 200px) 100vw, 200px\" \/><\/p>\n<p><img decoding=\"async\" loading=\"lazy\" class=\"alignnone size-medium wp-image-335\" src=\"http:\/\/lu-sezana.si\/kosovelova-soba\/wp-content\/uploads\/2018\/03\/IMG_0387-300x200.jpg\" alt=\"\" width=\"300\" height=\"200\" srcset=\"https:\/\/lu-sezana.si\/kosovelova-soba\/wp-content\/uploads\/2018\/03\/IMG_0387-300x200.jpg 300w, https:\/\/lu-sezana.si\/kosovelova-soba\/wp-content\/uploads\/2018\/03\/IMG_0387.jpg 640w\" sizes=\"(max-width: 300px) 100vw, 300px\" \/>\u00a0 <img decoding=\"async\" loading=\"lazy\" class=\"alignnone size-medium wp-image-334\" src=\"http:\/\/lu-sezana.si\/kosovelova-soba\/wp-content\/uploads\/2018\/03\/IMG_0388-300x200.jpg\" alt=\"\" width=\"300\" height=\"200\" srcset=\"https:\/\/lu-sezana.si\/kosovelova-soba\/wp-content\/uploads\/2018\/03\/IMG_0388-300x200.jpg 300w, https:\/\/lu-sezana.si\/kosovelova-soba\/wp-content\/uploads\/2018\/03\/IMG_0388.jpg 640w\" sizes=\"(max-width: 300px) 100vw, 300px\" \/> \u00a0 <img decoding=\"async\" loading=\"lazy\" class=\"alignnone size-medium wp-image-333\" src=\"http:\/\/lu-sezana.si\/kosovelova-soba\/wp-content\/uploads\/2018\/03\/IMG_0389-300x200.jpg\" alt=\"\" width=\"300\" height=\"200\" srcset=\"https:\/\/lu-sezana.si\/kosovelova-soba\/wp-content\/uploads\/2018\/03\/IMG_0389-300x200.jpg 300w, https:\/\/lu-sezana.si\/kosovelova-soba\/wp-content\/uploads\/2018\/03\/IMG_0389.jpg 640w\" sizes=\"(max-width: 300px) 100vw, 300px\" \/><\/p>\n<p>&nbsp;<\/p>\n<p>&nbsp;<\/p>\n<p>&nbsp;<\/p>\n<p>&nbsp;<\/p>\n","protected":false},"excerpt":{"rendered":"<p>Berem. Poslu\u0161am. Pi\u0161em. Sem. Jaz. Ti. Vsi. V Kosovelovi sobi smo 18. marca 2018 ob 114-obletnici rojstva pesnika Sre\u010dka Kosovela pesniku, poeziji in besedi ter glasbi posvetili ve\u010der branja poezije &#8211; avtorske poezije in poezije Sre\u010dka Kosovela. V Kozmos smo po\u0161iljali besede, tak\u0161ne in druga\u010dne. Ostre, trpke, oto\u017ene, bole\u010de, neposredne, brezkompromisne, tudi ne\u017ene, ljube\u010de, strastne. [&hellip;]<\/p>\n","protected":false},"author":1,"featured_media":0,"parent":0,"menu_order":0,"comment_status":"closed","ping_status":"closed","template":"","meta":{"_et_pb_use_builder":"","_et_pb_old_content":"","_et_gb_content_width":""},"_links":{"self":[{"href":"https:\/\/lu-sezana.si\/kosovelova-soba\/wp-json\/wp\/v2\/pages\/25"}],"collection":[{"href":"https:\/\/lu-sezana.si\/kosovelova-soba\/wp-json\/wp\/v2\/pages"}],"about":[{"href":"https:\/\/lu-sezana.si\/kosovelova-soba\/wp-json\/wp\/v2\/types\/page"}],"author":[{"embeddable":true,"href":"https:\/\/lu-sezana.si\/kosovelova-soba\/wp-json\/wp\/v2\/users\/1"}],"replies":[{"embeddable":true,"href":"https:\/\/lu-sezana.si\/kosovelova-soba\/wp-json\/wp\/v2\/comments?post=25"}],"version-history":[{"count":25,"href":"https:\/\/lu-sezana.si\/kosovelova-soba\/wp-json\/wp\/v2\/pages\/25\/revisions"}],"predecessor-version":[{"id":364,"href":"https:\/\/lu-sezana.si\/kosovelova-soba\/wp-json\/wp\/v2\/pages\/25\/revisions\/364"}],"wp:attachment":[{"href":"https:\/\/lu-sezana.si\/kosovelova-soba\/wp-json\/wp\/v2\/media?parent=25"}],"curies":[{"name":"wp","href":"https:\/\/api.w.org\/{rel}","templated":true}]}}