{"id":1008,"date":"2022-12-22T18:43:50","date_gmt":"2022-12-22T18:43:50","guid":{"rendered":"https:\/\/lu-sezana.si\/kosovelova-soba\/?page_id=1008"},"modified":"2026-03-02T09:29:03","modified_gmt":"2026-03-02T09:29:03","slug":"v-korak-s-kosovelom","status":"publish","type":"page","link":"https:\/\/lu-sezana.si\/kosovelova-soba\/v-korak-s-kosovelom\/","title":{"rendered":"V korak s Kosovelom"},"content":{"rendered":"<p>[et_pb_section fb_built=&#8221;1&#8243; admin_label=&#8221;Header&#8221; _builder_version=&#8221;4.16&#8243; _module_preset=&#8221;default&#8221; custom_padding=&#8221;0px||0px||true|false&#8221; global_colors_info=&#8221;{}&#8221;][et_pb_row column_structure=&#8221;3_4,1_4&#8243; _builder_version=&#8221;4.16&#8243; _module_preset=&#8221;default&#8221; custom_padding=&#8221;0px||0px||true|false&#8221; global_colors_info=&#8221;{}&#8221;][et_pb_column type=&#8221;3_4&#8243; _builder_version=&#8221;4.16&#8243; _module_preset=&#8221;default&#8221; custom_padding=&#8221;150px||||false|false&#8221; custom_padding_tablet=&#8221;30px||||false|false&#8221; custom_padding_phone=&#8221;20px||||false|false&#8221; custom_padding_last_edited=&#8221;on|phone&#8221; global_colors_info=&#8221;{}&#8221;][et_pb_text _builder_version=&#8221;4.16&#8243; _module_preset=&#8221;default&#8221; text_font_size=&#8221;16px&#8221; header_font=&#8221;Roboto|500|||||||&#8221; header_text_color=&#8221;#000000&#8243; header_font_size=&#8221;72px&#8221; header_line_height=&#8221;1.15em&#8221; header_font_size_tablet=&#8221;40px&#8221; header_font_size_phone=&#8221;24px&#8221; header_font_size_last_edited=&#8221;on|desktop&#8221; locked=&#8221;off&#8221; global_colors_info=&#8221;{}&#8221;]<\/p>\n<h1>V korak s Kosovelom<\/h1>\n<p>[\/et_pb_text][\/et_pb_column][et_pb_column type=&#8221;1_4&#8243; _builder_version=&#8221;4.16&#8243; _module_preset=&#8221;default&#8221; global_colors_info=&#8221;{}&#8221;][\/et_pb_column][\/et_pb_row][et_pb_row custom_padding_last_edited=&#8221;on|phone&#8221; disabled_on=&#8221;off|off|off&#8221; _builder_version=&#8221;4.16&#8243; _module_preset=&#8221;default&#8221; background_color=&#8221;#FFFFFF&#8221; background_image=&#8221;http:\/\/lu-sezana.si\/kosovelova-soba\/wp-content\/uploads\/2022\/12\/srecko_modra.fw_.png&#8221; background_size=&#8221;initial&#8221; background_position=&#8221;top_left&#8221; background_repeat=&#8221;repeat-x&#8221; z_index=&#8221;500&#8243; custom_margin=&#8221;||||false|false&#8221; custom_margin_tablet=&#8221;0px||||false|false&#8221; custom_margin_last_edited=&#8221;off|desktop&#8221; custom_padding=&#8221;40px|40px|40px|40px|true|true&#8221; custom_padding_tablet=&#8221;30px|30px|30px|30px|true|true&#8221; custom_padding_phone=&#8221;20px|20px|20px|20px|true|true&#8221; box_shadow_style=&#8221;preset3&#8243; box_shadow_vertical=&#8221;60px&#8221; box_shadow_blur=&#8221;60px&#8221; box_shadow_spread=&#8221;0px&#8221; box_shadow_color=&#8221;rgba(14,15,43,0.1)&#8221; global_colors_info=&#8221;{}&#8221;][et_pb_column type=&#8221;4_4&#8243; _builder_version=&#8221;4.16&#8243; _module_preset=&#8221;default&#8221; global_colors_info=&#8221;{}&#8221;][et_pb_text _builder_version=&#8221;4.16&#8243; _module_preset=&#8221;default&#8221; text_line_height=&#8221;1.8em&#8221; header_font_size_tablet=&#8221;55px&#8221; header_font_size_last_edited=&#8221;off|desktop&#8221; locked=&#8221;off&#8221; global_colors_info=&#8221;{}&#8221;]<\/p>\n<p>Na vodenem urbanem literarnem sprehodu V KORAK S KOSOVELOM od se\u017eanske \u017eelezni\u0161ke postaje do Kosovelove spominske sobe beremo pesmi in preko vizualnih dra\u017eljajev pesnikovega rojstnega kraja spoznavamo zanimivo pesnikovo \u017eivljenje, njegovo bogato literarno zapu\u0161\u010dino in i\u0161\u010demo sledi, ki jih je Sre\u010dko pustil v ustvarjanju drugih.<\/p>\n<p>Na poti zbiramo vtise mesta in in sestavljamo zgodbo pesnikovega \u017eivljenja in literarnega ustvarjanja. Na sprehodu se lahko udele\u017eenci aktivno vklju\u010dujejo v razpravo in spotoma pridobivajo dele sestavljenke, ki jih na koncu v Kosovelovi spominski sobi sestavijo v izviren spominek. Vklju\u010dena je tudi manj\u0161a pogostitev.<\/p>\n<p>Projekt je rezultat partnerskega sodelovanja Kosovelove spominske sobe \u2013 Ljudske univerze Se\u017eana, Kosovelovega doma Se\u017eana in Dru\u0161tva Konstruktivist.<\/p>\n<p>Vodi: Mateja Kralj.<\/p>\n<p>Spominek, ki ga udele\u017eenci prejmejo na poti je sofinancirala Ob\u010dina Se\u017eana.<\/p>\n<p>Sprehod se za\u010dne na se\u017eanski \u017eelezni\u0161ki postaji.<\/p>\n<p>Prijave zbira Kosovelov dom Se\u017eana prek e-po\u0161te:<span>\u00a0<\/span><a href=\"mailto:info@kosovelovdom.si\">info@kosovelovdom.si<\/a>.<\/p>\n<p>[\/et_pb_text][\/et_pb_column][\/et_pb_row][et_pb_row column_structure=&#8221;1_2,1_2&#8243; _builder_version=&#8221;4.16&#8243; _module_preset=&#8221;default&#8221; global_colors_info=&#8221;{}&#8221;][et_pb_column type=&#8221;1_2&#8243; _builder_version=&#8221;4.16&#8243; _module_preset=&#8221;default&#8221; global_colors_info=&#8221;{}&#8221;][et_pb_text _builder_version=&#8221;4.16&#8243; _module_preset=&#8221;default&#8221; text_line_height=&#8221;1.8em&#8221; custom_padding=&#8221;||0px|||&#8221; header_font_size_tablet=&#8221;55px&#8221; header_font_size_last_edited=&#8221;off|desktop&#8221; locked=&#8221;off&#8221; global_colors_info=&#8221;{}&#8221;]<\/p>\n<p><strong>TO\u010cKE \/ IZHODI\u0160\u010cA<\/strong><\/p>\n<p><strong><span>Se\u017eana<\/span><\/strong><\/p>\n<p>Sre\u010dko Kosovel<\/p>\n<p>\u017eelezni\u0161ka postaja<\/p>\n<p>Gradi\u0161\u010de, Kras<\/p>\n<p>Spomenik Zlati \u010doln in Kosovelov dom Se\u017eana<\/p>\n<p>Literatura, poezija, kons<\/p>\n<p>Kosovelova knji\u017enica Se\u017eana<\/p>\n<p>Kosovelova pot<\/p>\n<p>Kosovelova spominska soba<\/p>\n<p>[\/et_pb_text][\/et_pb_column][et_pb_column type=&#8221;1_2&#8243; _builder_version=&#8221;4.16&#8243; _module_preset=&#8221;default&#8221; global_colors_info=&#8221;{}&#8221;][\/et_pb_column][\/et_pb_row][et_pb_row _builder_version=&#8221;4.16&#8243; _module_preset=&#8221;default&#8221; global_colors_info=&#8221;{}&#8221;][et_pb_column type=&#8221;4_4&#8243; _builder_version=&#8221;4.16&#8243; _module_preset=&#8221;default&#8221; global_colors_info=&#8221;{}&#8221;][et_pb_text _builder_version=&#8221;4.16&#8243; _module_preset=&#8221;default&#8221; text_line_height=&#8221;1.8em&#8221; custom_padding=&#8221;||20px|||&#8221; header_font_size_tablet=&#8221;55px&#8221; header_font_size_last_edited=&#8221;off|desktop&#8221; locked=&#8221;off&#8221; global_colors_info=&#8221;{}&#8221;]<\/p>\n<p><strong>OSNOVNI PODATKI<\/strong><\/p>\n<ul>\n<li>Trajanje: 2 uri<\/li>\n<li>Razdalja oz. prehojena pot: 2 km<\/li>\n<li>ocenjena primerna starost 10+<\/li>\n<li>prilagojene vsebine za prvo triado O\u0160<\/li>\n<\/ul>\n<p>Jezik: sloven\u0161\u010dina.<\/p>\n<p>Zbirno mesto:\u00a0\u017eelezni\u0161ka postaja Se\u017eana<\/p>\n<p>Kon\u010dni postanek:\u00a0 Kosovelova spominska soba<\/p>\n<p>Sprehod izvedemo za organizirane skupine ob dogovorjenem terminu po ceniku (Sprehod se izvaja ob pogoju, da je prijavljenih vsaj 6 udele\u017eencev.):<\/p>\n<ul>\n<li>ob\u010dani ob\u010dine Se\u017eana: 10\u20ac\/osebo<\/li>\n<li>od 11 do 15 oseb: 12\u20ac\/osebo<\/li>\n<li>od 6 do 10 oseb: 15\u20ac\/osebo<\/li>\n<li>za dru\u017eine: za 3-\u010dlansko dru\u017eino je cena vstopnice 30 EUR, za vsakega nadaljnjega otroka pa se pla\u010da 10 EUR.<\/li>\n<\/ul>\n<p><strong>CENIK za skupine:<\/strong><\/p>\n<ul>\n<li>od 11 do 20 oseb: 200\u20ac (od 10\u20ac\/osebo)<\/li>\n<li>od 6 do 10 oseb: 150\u20ac (od 15\u20ac\/osebo)<\/li>\n<li>od 3 do 5 oseb: 100\u20ac (od 20\u20ac\/osebo)<\/li>\n<li>od 1 do 2 osebi: 86\u20ac (od 43\u20ac\/osebo)<\/li>\n<\/ul>\n<p><strong>Cene za \u0161olske skupine<\/strong>:<\/p>\n<ul>\n<li>\u0160olska skupina do 15 oseb 110\u20ac.<\/li>\n<li>\u0160olska skupina od 16 do 20 oseb 130\u20ac.<\/li>\n<li>\u0160olska skupina od 21 do 25 oseb 150\u20ac.<\/li>\n<\/ul>\n<p>Za ve\u010dje skupine in turo po meri nas, prosimo, kontaktirajte.<\/p>\n<p>Termin: po dogovoru.\u00a0 Cene vklju\u010dujejo DDV.<\/p>\n<p>Prijave zbira Kosovelov dom Se\u017eana prek e-po\u0161te:<span>\u00a0<\/span><a href=\"mailto:info@kosovelovdom.si\">info@kosovelovdom.si<\/a>.<\/p>\n<p>[\/et_pb_text][\/et_pb_column][\/et_pb_row][\/et_pb_section][et_pb_section fb_built=&#8221;1&#8243; admin_label=&#8221;Footer&#8221; _builder_version=&#8221;4.16&#8243; _module_preset=&#8221;default&#8221; background_color=&#8221;#000000&#8243; custom_margin=&#8221;||||false|false&#8221; saved_tabs=&#8221;all&#8221; global_colors_info=&#8221;{}&#8221;][et_pb_row column_structure=&#8221;1_4,1_4,1_4,1_4&#8243; use_custom_gutter=&#8221;on&#8221; gutter_width=&#8221;1&#8243; make_equal=&#8221;on&#8221; _builder_version=&#8221;4.19.4&#8243; _module_preset=&#8221;default&#8221; max_width=&#8221;1440px&#8221; custom_margin=&#8221;-35px|auto||auto|false|false&#8221; custom_padding=&#8221;1px||||false|false&#8221; global_colors_info=&#8221;{}&#8221;][et_pb_column type=&#8221;1_4&#8243; _builder_version=&#8221;4.19.4&#8243; _module_preset=&#8221;default&#8221; background_color=&#8221;#8e0b0b&#8221; background_image=&#8221;http:\/\/lu-sezana.si\/kosovelova-soba\/wp-content\/uploads\/2022\/12\/high-school_17.png&#8221; background_size=&#8221;initial&#8221; background_position=&#8221;top_right&#8221; background_repeat=&#8221;repeat-y&#8221; custom_padding=&#8221;40px|40px|40px|20px|true|false&#8221; custom_padding_tablet=&#8221;40px||40px||true|false&#8221; custom_padding_phone=&#8221;30px|20px|30px|20px|true|true&#8221; custom_padding_last_edited=&#8221;off|desktop&#8221; global_colors_info=&#8221;{}&#8221;][et_pb_text _builder_version=&#8221;4.16&#8243; _module_preset=&#8221;default&#8221; header_4_font=&#8221;Roboto|700||on|||||&#8221; header_4_text_color=&#8221;rgba(255,255,255,0.5)&#8221; header_4_font_size=&#8221;12px&#8221; header_4_letter_spacing=&#8221;3px&#8221; header_4_line_height=&#8221;1.5em&#8221; custom_margin=&#8221;||0px||false|false&#8221; custom_margin_tablet=&#8221;30px||||false|false&#8221; custom_margin_phone=&#8221;20px||||false|false&#8221; custom_margin_last_edited=&#8221;off|desktop&#8221; locked=&#8221;off&#8221; global_colors_info=&#8221;{}&#8221;]<\/p>\n<h4>uradne ure<\/h4>\n<p>[\/et_pb_text][et_pb_text _builder_version=&#8221;4.16&#8243; _module_preset=&#8221;default&#8221; text_font=&#8221;Roboto|500|||||||&#8221; text_text_color=&#8221;#FFFFFF&#8221; text_font_size=&#8221;16px&#8221; text_line_height=&#8221;1.6em&#8221; header_5_text_color=&#8221;#FFFFFF&#8221; header_5_line_height=&#8221;1.8em&#8221; text_font_size_tablet=&#8221;15px&#8221; text_font_size_phone=&#8221;14px&#8221; text_font_size_last_edited=&#8221;on|desktop&#8221; header_font_size_tablet=&#8221;55px&#8221; header_font_size_last_edited=&#8221;off|desktop&#8221; locked=&#8221;off&#8221; global_colors_info=&#8221;{}&#8221;]<\/p>\n<p>PON. &#8211; PET.: 8.00 &#8211; 12.00 in 13.00 &#8211; 16.00<\/p>\n<p>[\/et_pb_text][\/et_pb_column][et_pb_column type=&#8221;1_4&#8243; _builder_version=&#8221;4.19.4&#8243; _module_preset=&#8221;default&#8221; background_color=&#8221;#e8a200&#8243; background_image=&#8221;http:\/\/lu-sezana.si\/kosovelova-soba\/wp-content\/uploads\/2022\/12\/high-school_17.png&#8221; background_size=&#8221;initial&#8221; background_position=&#8221;top_right&#8221; background_repeat=&#8221;repeat-y&#8221; custom_padding=&#8221;40px|40px|40px|20px|true|false&#8221; global_colors_info=&#8221;{}&#8221;][et_pb_text _builder_version=&#8221;4.16&#8243; _module_preset=&#8221;default&#8221; header_4_font=&#8221;Roboto|700||on|||||&#8221; header_4_text_color=&#8221;rgba(255,255,255,0.5)&#8221; header_4_font_size=&#8221;12px&#8221; header_4_letter_spacing=&#8221;3px&#8221; header_4_line_height=&#8221;1.5em&#8221; custom_margin=&#8221;||0px||false|false&#8221; locked=&#8221;off&#8221; global_colors_info=&#8221;{}&#8221;]<\/p>\n<h4>NASLOV<\/h4>\n<p>[\/et_pb_text][et_pb_text _builder_version=&#8221;4.16&#8243; _module_preset=&#8221;default&#8221; text_font=&#8221;Roboto|500|||||||&#8221; text_text_color=&#8221;#FFFFFF&#8221; text_font_size=&#8221;16px&#8221; text_line_height=&#8221;1.6em&#8221; header_5_text_color=&#8221;#FFFFFF&#8221; header_5_line_height=&#8221;1.8em&#8221; text_font_size_tablet=&#8221;15px&#8221; text_font_size_phone=&#8221;14px&#8221; text_font_size_last_edited=&#8221;on|desktop&#8221; header_font_size_tablet=&#8221;55px&#8221; header_font_size_last_edited=&#8221;off|desktop&#8221; locked=&#8221;off&#8221; global_colors_info=&#8221;{}&#8221;]Bazovi\u0161ka cesta 9, 6210 Se\u017eana[\/et_pb_text][\/et_pb_column][et_pb_column type=&#8221;1_4&#8243; _builder_version=&#8221;4.19.4&#8243; _module_preset=&#8221;default&#8221; background_color=&#8221;#0918a0&#8243; background_image=&#8221;http:\/\/lu-sezana.si\/kosovelova-soba\/wp-content\/uploads\/2022\/12\/high-school_17.png&#8221; background_size=&#8221;initial&#8221; background_position=&#8221;top_right&#8221; background_repeat=&#8221;repeat-y&#8221; custom_padding=&#8221;40px|40px|40px|20px|true|false&#8221; global_colors_info=&#8221;{}&#8221;][et_pb_text _builder_version=&#8221;4.16&#8243; _module_preset=&#8221;default&#8221; header_4_font=&#8221;Roboto|700||on|||||&#8221; header_4_text_color=&#8221;rgba(255,255,255,0.5)&#8221; header_4_font_size=&#8221;12px&#8221; header_4_letter_spacing=&#8221;3px&#8221; header_4_line_height=&#8221;1.5em&#8221; custom_margin=&#8221;||0px||false|false&#8221; locked=&#8221;off&#8221; global_colors_info=&#8221;{}&#8221;]<\/p>\n<h4>Email<\/h4>\n<p>[\/et_pb_text][et_pb_text _builder_version=&#8221;4.16&#8243; _module_preset=&#8221;default&#8221; text_font=&#8221;Roboto|500|||||||&#8221; text_text_color=&#8221;#FFFFFF&#8221; text_font_size=&#8221;16px&#8221; text_line_height=&#8221;1.6em&#8221; link_text_color=&#8221;#FFFFFF&#8221; header_5_text_color=&#8221;#FFFFFF&#8221; header_5_line_height=&#8221;1.8em&#8221; text_font_size_tablet=&#8221;15px&#8221; text_font_size_phone=&#8221;14px&#8221; text_font_size_last_edited=&#8221;on|desktop&#8221; header_font_size_tablet=&#8221;55px&#8221; header_font_size_last_edited=&#8221;off|desktop&#8221; locked=&#8221;off&#8221; global_colors_info=&#8221;{}&#8221;]<\/p>\n<p>mateja.kralj@lu-sezana.si<\/p>\n<p>[\/et_pb_text][\/et_pb_column][et_pb_column type=&#8221;1_4&#8243; _builder_version=&#8221;4.16&#8243; _module_preset=&#8221;default&#8221; background_color=&#8221;#898989&#8243; background_image=&#8221;http:\/\/lu-sezana.si\/kosovelova-soba\/wp-content\/uploads\/2022\/12\/high-school_17.png&#8221; background_size=&#8221;initial&#8221; background_position=&#8221;top_right&#8221; background_repeat=&#8221;repeat-y&#8221; custom_padding=&#8221;40px|40px|40px|20px|true|false&#8221; global_colors_info=&#8221;{}&#8221;][et_pb_text _builder_version=&#8221;4.16&#8243; _module_preset=&#8221;default&#8221; header_4_font=&#8221;Roboto|700||on|||||&#8221; header_4_text_color=&#8221;rgba(255,255,255,0.5)&#8221; header_4_font_size=&#8221;12px&#8221; header_4_letter_spacing=&#8221;3px&#8221; header_4_line_height=&#8221;1.5em&#8221; custom_margin=&#8221;||0px||false|false&#8221; custom_margin_last_edited=&#8221;off|desktop&#8221; locked=&#8221;off&#8221; global_colors_info=&#8221;{}&#8221;]<\/p>\n<h4>telefon<\/h4>\n<p>[\/et_pb_text][et_pb_text _builder_version=&#8221;4.16&#8243; _module_preset=&#8221;default&#8221; text_font=&#8221;Roboto|500|||||||&#8221; text_text_color=&#8221;#FFFFFF&#8221; text_font_size=&#8221;16px&#8221; text_line_height=&#8221;1.6em&#8221; link_text_color=&#8221;#FFFFFF&#8221; header_5_text_color=&#8221;#FFFFFF&#8221; header_5_line_height=&#8221;1.8em&#8221; text_font_size_tablet=&#8221;15px&#8221; text_font_size_phone=&#8221;14px&#8221; text_font_size_last_edited=&#8221;on|desktop&#8221; header_font_size_tablet=&#8221;55px&#8221; header_font_size_last_edited=&#8221;off|desktop&#8221; locked=&#8221;off&#8221; global_colors_info=&#8221;{}&#8221;]<\/p>\n<p>05 73 11 301 ali\u00a0 051 364 668<\/p>\n<p>[\/et_pb_text][\/et_pb_column][\/et_pb_row][et_pb_row column_structure=&#8221;1_4,1_4,1_4,1_4&#8243; _builder_version=&#8221;4.16&#8243; _module_preset=&#8221;default&#8221; global_colors_info=&#8221;{}&#8221;][et_pb_column type=&#8221;1_4&#8243; _builder_version=&#8221;4.16&#8243; _module_preset=&#8221;default&#8221; global_colors_info=&#8221;{}&#8221;][et_pb_image src=&#8221;http:\/\/lu-sezana.si\/kosovelova-soba\/wp-content\/uploads\/2022\/12\/logo-bel.png&#8221; title_text=&#8221;logo-bel&#8221; _builder_version=&#8221;4.16&#8243; _module_preset=&#8221;default&#8221; global_colors_info=&#8221;{}&#8221;][\/et_pb_image][\/et_pb_column][et_pb_column type=&#8221;1_4&#8243; _builder_version=&#8221;4.16&#8243; _module_preset=&#8221;default&#8221; global_colors_info=&#8221;{}&#8221;][et_pb_text _builder_version=&#8221;4.16&#8243; _module_preset=&#8221;5c989a74-8649-4b9a-a4a2-6d2b8ae2551c&#8221; header_4_font=&#8221;Roboto|700||on|||||&#8221; header_4_text_color=&#8221;#FFFFFF&#8221; header_4_font_size=&#8221;12px&#8221; header_4_letter_spacing=&#8221;3px&#8221; header_4_line_height=&#8221;1.5em&#8221; header_5_text_color=&#8221;#FFFFFF&#8221; custom_margin=&#8221;||0px||false|false&#8221; locked=&#8221;off&#8221; global_colors_info=&#8221;{}&#8221;]<\/p>\n<h4>LJUDSKA UNIVERZA SE\u017dANA<\/h4>\n<p>[\/et_pb_text][et_pb_text _builder_version=&#8221;4.18.0&#8243; _module_preset=&#8221;7262e956-c376-4aa6-9642-c413f71527d0&#8243; text_line_height=&#8221;1.8em&#8221; link_text_color=&#8221;#FFFFFF&#8221; link_line_height=&#8221;1.2em&#8221; header_font_size_tablet=&#8221;55px&#8221; header_font_size_last_edited=&#8221;off|desktop&#8221; locked=&#8221;off&#8221; global_colors_info=&#8221;{}&#8221;]<\/p>\n<p><a href=\"https:\/\/lu-sezana.si\/\">Kdo smo<\/a><br \/><a href=\"https:\/\/lu-sezana.si\/pridobitev-izobrazbe-stran\/\">Na\u0161a izobra\u017eevanja<\/a><br \/><a href=\"https:\/\/lu-sezana.si\/o-nas\/\">O nas<\/a><\/p>\n<p>[\/et_pb_text][\/et_pb_column][et_pb_column type=&#8221;1_4&#8243; _builder_version=&#8221;4.16&#8243; _module_preset=&#8221;default&#8221; global_colors_info=&#8221;{}&#8221;][et_pb_text _builder_version=&#8221;4.16&#8243; _module_preset=&#8221;5c989a74-8649-4b9a-a4a2-6d2b8ae2551c&#8221; header_4_font=&#8221;Roboto|700||on|||||&#8221; header_4_text_color=&#8221;#FFFFFF&#8221; header_4_font_size=&#8221;12px&#8221; header_4_letter_spacing=&#8221;3px&#8221; header_4_line_height=&#8221;1.5em&#8221; header_5_text_color=&#8221;#FFFFFF&#8221; custom_margin=&#8221;||0px||false|false&#8221; locked=&#8221;off&#8221; global_colors_info=&#8221;{}&#8221;]<\/p>\n<h4>ve\u010d o nas<\/h4>\n<p>[\/et_pb_text][et_pb_text _builder_version=&#8221;4.18.0&#8243; _module_preset=&#8221;7262e956-c376-4aa6-9642-c413f71527d0&#8243; text_line_height=&#8221;1.8em&#8221; link_text_color=&#8221;#FFFFFF&#8221; link_line_height=&#8221;1.2em&#8221; header_font_size_tablet=&#8221;55px&#8221; header_font_size_last_edited=&#8221;off|desktop&#8221; locked=&#8221;off&#8221; global_colors_info=&#8221;{}&#8221;]<\/p>\n<p><a href=\"https:\/\/lu-sezana.si\/zaposleni\/\">Kolektiv Ljudske univerze Se\u017eana<\/a><br \/><a href=\"https:\/\/lu-sezana.si\/kosovelova-soba\/\">Kosovelova soba<\/a><br \/><a href=\"https:\/\/lu-sezana.si\/oddaja-prostorov\/\">Oddaja prostorov<\/a><\/p>\n<p>[\/et_pb_text][\/et_pb_column][et_pb_column type=&#8221;1_4&#8243; _builder_version=&#8221;4.16&#8243; _module_preset=&#8221;default&#8221; global_colors_info=&#8221;{}&#8221;][et_pb_text _builder_version=&#8221;4.16&#8243; _module_preset=&#8221;5c989a74-8649-4b9a-a4a2-6d2b8ae2551c&#8221; header_4_font=&#8221;Roboto|700||on|||||&#8221; header_4_text_color=&#8221;#FFFFFF&#8221; header_4_font_size=&#8221;12px&#8221; header_4_letter_spacing=&#8221;3px&#8221; header_4_line_height=&#8221;1.5em&#8221; header_5_text_color=&#8221;#FFFFFF&#8221; custom_margin=&#8221;||0px||false|false&#8221; locked=&#8221;off&#8221; global_colors_info=&#8221;{}&#8221;]<\/p>\n<h4>prijava na novi\u010dke<\/h4>\n<p>[\/et_pb_text][et_pb_button button_url=&#8221;http:\/\/eepurl.com\/dv8cBz&#8221; button_text=&#8221;PRIJAVI SE NA NOVI\u010cKE&#8221; _builder_version=&#8221;4.18.0&#8243; _module_preset=&#8221;default&#8221; custom_button=&#8221;on&#8221; button_text_size=&#8221;15px&#8221; button_text_color=&#8221;#FFFFFF&#8221; button_bg_color=&#8221;#f7827e&#8221; background_layout=&#8221;dark&#8221; global_colors_info=&#8221;{}&#8221;][\/et_pb_button][\/et_pb_column][\/et_pb_row][\/et_pb_section]<\/p>\n","protected":false},"excerpt":{"rendered":"<p>V korak s KosovelomNa vodenem urbanem literarnem sprehodu V KORAK S KOSOVELOM od se\u017eanske \u017eelezni\u0161ke postaje do Kosovelove spominske sobe beremo pesmi in preko vizualnih dra\u017eljajev pesnikovega rojstnega kraja spoznavamo zanimivo pesnikovo \u017eivljenje, njegovo bogato literarno zapu\u0161\u010dino in i\u0161\u010demo sledi, ki jih je Sre\u010dko pustil v ustvarjanju drugih. Na poti zbiramo vtise mesta in in [&hellip;]<\/p>\n","protected":false},"author":2,"featured_media":0,"parent":0,"menu_order":0,"comment_status":"closed","ping_status":"closed","template":"","meta":{"_et_pb_use_builder":"on","_et_pb_old_content":"","_et_gb_content_width":""},"_links":{"self":[{"href":"https:\/\/lu-sezana.si\/kosovelova-soba\/wp-json\/wp\/v2\/pages\/1008"}],"collection":[{"href":"https:\/\/lu-sezana.si\/kosovelova-soba\/wp-json\/wp\/v2\/pages"}],"about":[{"href":"https:\/\/lu-sezana.si\/kosovelova-soba\/wp-json\/wp\/v2\/types\/page"}],"author":[{"embeddable":true,"href":"https:\/\/lu-sezana.si\/kosovelova-soba\/wp-json\/wp\/v2\/users\/2"}],"replies":[{"embeddable":true,"href":"https:\/\/lu-sezana.si\/kosovelova-soba\/wp-json\/wp\/v2\/comments?post=1008"}],"version-history":[{"count":10,"href":"https:\/\/lu-sezana.si\/kosovelova-soba\/wp-json\/wp\/v2\/pages\/1008\/revisions"}],"predecessor-version":[{"id":1538,"href":"https:\/\/lu-sezana.si\/kosovelova-soba\/wp-json\/wp\/v2\/pages\/1008\/revisions\/1538"}],"wp:attachment":[{"href":"https:\/\/lu-sezana.si\/kosovelova-soba\/wp-json\/wp\/v2\/media?parent=1008"}],"curies":[{"name":"wp","href":"https:\/\/api.w.org\/{rel}","templated":true}]}}